{"id":568,"date":"2023-08-13T19:09:29","date_gmt":"2023-08-13T19:09:29","guid":{"rendered":"https:\/\/brand-sphere.com\/?post_type=product&#038;p=568"},"modified":"2024-11-05T15:30:46","modified_gmt":"2024-11-05T15:30:46","slug":"quantum-computing-query","status":"publish","type":"product","link":"https:\/\/brand-sphere.com\/en\/shop\/quantum-computing-query\/","title":{"rendered":"Quantum computing query"},"content":{"rendered":"<ul>\n<li>Orientaci\u00f3n experta para comprender los principios cu\u00e1nticos.<\/li>\n<li>Determine c\u00f3mo la computaci\u00f3n cu\u00e1ntica puede beneficiar a su organizaci\u00f3n.<\/li>\n<li>Analice posibles algoritmos cu\u00e1nticos para tareas espec\u00edficas.<\/li>\n<\/ul>","protected":false},"excerpt":{"rendered":"<p>Prepare for the future of computing with our Quantum Computing Consultation service. Explore the possible applications and implications of quantum computing.<\/p>","protected":false},"featured_media":569,"comment_status":"open","ping_status":"closed","template":"","meta":{"_acf_changed":false},"product_brand":[],"product_cat":[15],"product_tag":[],"class_list":{"0":"post-568","1":"product","2":"type-product","3":"status-publish","4":"has-post-thumbnail","6":"product_cat-los-mas-vendidos","8":"first","9":"instock","10":"taxable","11":"shipping-taxable","12":"purchasable","13":"product-type-simple"},"acf":{"im_status":"enabled","days_for_delivery":"30"},"_links":{"self":[{"href":"https:\/\/brand-sphere.com\/en\/wp-json\/wp\/v2\/product\/568","targetHints":{"allow":["GET"]}}],"collection":[{"href":"https:\/\/brand-sphere.com\/en\/wp-json\/wp\/v2\/product"}],"about":[{"href":"https:\/\/brand-sphere.com\/en\/wp-json\/wp\/v2\/types\/product"}],"replies":[{"embeddable":true,"href":"https:\/\/brand-sphere.com\/en\/wp-json\/wp\/v2\/comments?post=568"}],"wp:featuredmedia":[{"embeddable":true,"href":"https:\/\/brand-sphere.com\/en\/wp-json\/wp\/v2\/media\/569"}],"wp:attachment":[{"href":"https:\/\/brand-sphere.com\/en\/wp-json\/wp\/v2\/media?parent=568"}],"wp:term":[{"taxonomy":"product_brand","embeddable":true,"href":"https:\/\/brand-sphere.com\/en\/wp-json\/wp\/v2\/product_brand?post=568"},{"taxonomy":"product_cat","embeddable":true,"href":"https:\/\/brand-sphere.com\/en\/wp-json\/wp\/v2\/product_cat?post=568"},{"taxonomy":"product_tag","embeddable":true,"href":"https:\/\/brand-sphere.com\/en\/wp-json\/wp\/v2\/product_tag?post=568"}],"curies":[{"name":"wp","href":"https:\/\/api.w.org\/{rel}","templated":true}]}}