{"id":558,"date":"2023-08-13T19:02:37","date_gmt":"2023-08-13T19:02:37","guid":{"rendered":"https:\/\/brand-sphere.com\/?post_type=product&#038;p=558"},"modified":"2024-11-05T15:30:46","modified_gmt":"2024-11-05T15:30:46","slug":"ai-powered-language-translation-service","status":"publish","type":"product","link":"https:\/\/brand-sphere.com\/en\/shop\/ai-powered-language-translation-service\/","title":{"rendered":"AI-powered language translation service"},"content":{"rendered":"<ul>\n<li>Traducci\u00f3n de alta precisi\u00f3n con procesamiento de lenguaje natural.<\/li>\n<li>Comunicaci\u00f3n en tiempo real a trav\u00e9s de las diferencias ling\u00fc\u00edsticas.<\/li>\n<li>Compatible con contenido de texto, voz y video.<\/li>\n<\/ul>","protected":false},"excerpt":{"rendered":"<p>Overcome language barriers with our AI-powered language translation service. Seamlessly translate text and communications in multiple languages.<\/p>","protected":false},"featured_media":559,"comment_status":"open","ping_status":"closed","template":"","meta":{"_acf_changed":false},"product_brand":[],"product_cat":[15],"product_tag":[],"class_list":{"0":"post-558","1":"product","2":"type-product","3":"status-publish","4":"has-post-thumbnail","6":"product_cat-los-mas-vendidos","8":"first","9":"instock","10":"taxable","11":"shipping-taxable","12":"purchasable","13":"product-type-simple"},"acf":{"im_status":"enabled","days_for_delivery":"2"},"_links":{"self":[{"href":"https:\/\/brand-sphere.com\/en\/wp-json\/wp\/v2\/product\/558","targetHints":{"allow":["GET"]}}],"collection":[{"href":"https:\/\/brand-sphere.com\/en\/wp-json\/wp\/v2\/product"}],"about":[{"href":"https:\/\/brand-sphere.com\/en\/wp-json\/wp\/v2\/types\/product"}],"replies":[{"embeddable":true,"href":"https:\/\/brand-sphere.com\/en\/wp-json\/wp\/v2\/comments?post=558"}],"wp:featuredmedia":[{"embeddable":true,"href":"https:\/\/brand-sphere.com\/en\/wp-json\/wp\/v2\/media\/559"}],"wp:attachment":[{"href":"https:\/\/brand-sphere.com\/en\/wp-json\/wp\/v2\/media?parent=558"}],"wp:term":[{"taxonomy":"product_brand","embeddable":true,"href":"https:\/\/brand-sphere.com\/en\/wp-json\/wp\/v2\/product_brand?post=558"},{"taxonomy":"product_cat","embeddable":true,"href":"https:\/\/brand-sphere.com\/en\/wp-json\/wp\/v2\/product_cat?post=558"},{"taxonomy":"product_tag","embeddable":true,"href":"https:\/\/brand-sphere.com\/en\/wp-json\/wp\/v2\/product_tag?post=558"}],"curies":[{"name":"wp","href":"https:\/\/api.w.org\/{rel}","templated":true}]}}