{"id":544,"date":"2023-08-13T18:51:23","date_gmt":"2023-08-13T18:51:23","guid":{"rendered":"https:\/\/brand-sphere.com\/?post_type=product&#038;p=544"},"modified":"2024-11-05T15:30:45","modified_gmt":"2024-11-05T15:30:45","slug":"cybersecurity-training-employee-awareness","status":"publish","type":"product","link":"https:\/\/brand-sphere.com\/en\/shop\/cybersecurity-training-employee-awareness\/","title":{"rendered":"Cybersecurity Training \u2013 Employee Awareness"},"content":{"rendered":"<ul>\n<li>M\u00f3dulos de capacitaci\u00f3n personalizados para abordar los riesgos de su organizaci\u00f3n.<\/li>\n<li>Contenido interactivo y atractivo para un aprendizaje efectivo.<\/li>\n<li>Sensibilizar a los empleados para mitigar los riesgos cibern\u00e9ticos.<\/li>\n<\/ul>","protected":false},"excerpt":{"rendered":"<p>Improve your organization's cyber security posture with our Employee Awareness Training. Educate your team to recognize and respond to cyber threats.<\/p>","protected":false},"featured_media":545,"comment_status":"open","ping_status":"closed","template":"","meta":{"_acf_changed":false},"product_brand":[],"product_cat":[15],"product_tag":[],"class_list":{"0":"post-544","1":"product","2":"type-product","3":"status-publish","4":"has-post-thumbnail","6":"product_cat-los-mas-vendidos","8":"first","9":"instock","10":"taxable","11":"shipping-taxable","12":"purchasable","13":"product-type-simple"},"acf":{"im_status":"enabled","days_for_delivery":"3"},"_links":{"self":[{"href":"https:\/\/brand-sphere.com\/en\/wp-json\/wp\/v2\/product\/544","targetHints":{"allow":["GET"]}}],"collection":[{"href":"https:\/\/brand-sphere.com\/en\/wp-json\/wp\/v2\/product"}],"about":[{"href":"https:\/\/brand-sphere.com\/en\/wp-json\/wp\/v2\/types\/product"}],"replies":[{"embeddable":true,"href":"https:\/\/brand-sphere.com\/en\/wp-json\/wp\/v2\/comments?post=544"}],"wp:featuredmedia":[{"embeddable":true,"href":"https:\/\/brand-sphere.com\/en\/wp-json\/wp\/v2\/media\/545"}],"wp:attachment":[{"href":"https:\/\/brand-sphere.com\/en\/wp-json\/wp\/v2\/media?parent=544"}],"wp:term":[{"taxonomy":"product_brand","embeddable":true,"href":"https:\/\/brand-sphere.com\/en\/wp-json\/wp\/v2\/product_brand?post=544"},{"taxonomy":"product_cat","embeddable":true,"href":"https:\/\/brand-sphere.com\/en\/wp-json\/wp\/v2\/product_cat?post=544"},{"taxonomy":"product_tag","embeddable":true,"href":"https:\/\/brand-sphere.com\/en\/wp-json\/wp\/v2\/product_tag?post=544"}],"curies":[{"name":"wp","href":"https:\/\/api.w.org\/{rel}","templated":true}]}}