{"id":540,"date":"2023-08-13T18:46:38","date_gmt":"2023-08-13T18:46:38","guid":{"rendered":"https:\/\/brand-sphere.com\/?post_type=product&#038;p=540"},"modified":"2024-11-05T15:30:45","modified_gmt":"2024-11-05T15:30:45","slug":"robotics-kit-stem-education","status":"publish","type":"product","link":"https:\/\/brand-sphere.com\/en\/shop\/robotics-kit-stem-education\/","title":{"rendered":"Robotics Kit \u2013 STEM Education"},"content":{"rendered":"<ul>\n<li>Aprendizaje pr\u00e1ctico para cultivar el pensamiento cr\u00edtico y las habilidades para resolver problemas.<\/li>\n<li>Proyectos y desaf\u00edos vers\u00e1tiles para involucrar a las mentes j\u00f3venes.<\/li>\n<li>Apto para principiantes para estudiantes sin experiencia previa en rob\u00f3tica.<\/li>\n<\/ul>","protected":false},"excerpt":{"rendered":"<p>Promote STEM education with our Robotics Kit. Introduces students to programming, electronics, and robotics in a fun and educational way.<\/p>","protected":false},"featured_media":541,"comment_status":"open","ping_status":"closed","template":"","meta":{"_acf_changed":false},"product_brand":[],"product_cat":[15],"product_tag":[],"class_list":{"0":"post-540","1":"product","2":"type-product","3":"status-publish","4":"has-post-thumbnail","6":"product_cat-los-mas-vendidos","8":"first","9":"instock","10":"taxable","11":"shipping-taxable","12":"purchasable","13":"product-type-simple"},"acf":{"im_status":"enabled","days_for_delivery":"2"},"_links":{"self":[{"href":"https:\/\/brand-sphere.com\/en\/wp-json\/wp\/v2\/product\/540","targetHints":{"allow":["GET"]}}],"collection":[{"href":"https:\/\/brand-sphere.com\/en\/wp-json\/wp\/v2\/product"}],"about":[{"href":"https:\/\/brand-sphere.com\/en\/wp-json\/wp\/v2\/types\/product"}],"replies":[{"embeddable":true,"href":"https:\/\/brand-sphere.com\/en\/wp-json\/wp\/v2\/comments?post=540"}],"wp:featuredmedia":[{"embeddable":true,"href":"https:\/\/brand-sphere.com\/en\/wp-json\/wp\/v2\/media\/541"}],"wp:attachment":[{"href":"https:\/\/brand-sphere.com\/en\/wp-json\/wp\/v2\/media?parent=540"}],"wp:term":[{"taxonomy":"product_brand","embeddable":true,"href":"https:\/\/brand-sphere.com\/en\/wp-json\/wp\/v2\/product_brand?post=540"},{"taxonomy":"product_cat","embeddable":true,"href":"https:\/\/brand-sphere.com\/en\/wp-json\/wp\/v2\/product_cat?post=540"},{"taxonomy":"product_tag","embeddable":true,"href":"https:\/\/brand-sphere.com\/en\/wp-json\/wp\/v2\/product_tag?post=540"}],"curies":[{"name":"wp","href":"https:\/\/api.w.org\/{rel}","templated":true}]}}