{"id":498,"date":"2023-08-13T18:16:10","date_gmt":"2023-08-13T18:16:10","guid":{"rendered":"https:\/\/brand-sphere.com\/?post_type=product&#038;p=498"},"modified":"2024-11-05T15:30:44","modified_gmt":"2024-11-05T15:30:44","slug":"python-course-for-data-science","status":"publish","type":"product","link":"https:\/\/brand-sphere.com\/en\/shop\/python-course-for-data-science\/","title":{"rendered":"Python course for data science"},"content":{"rendered":"<ul>\n<li>Curso de ciencia de datos adaptado a la programaci\u00f3n Python.<\/li>\n<li>Proyectos pr\u00e1cticos para aplicar t\u00e9cnicas de an\u00e1lisis de datos.<\/li>\n<li>Estudios de casos del mundo real para comprender las aplicaciones pr\u00e1cticas.<\/li>\n<\/ul>","protected":false},"excerpt":{"rendered":"<p>Dive into the world of data science with our Python for Data Science course. Gain insights from large data sets and make data-driven decisions.<\/p>","protected":false},"featured_media":499,"comment_status":"open","ping_status":"closed","template":"","meta":{"_acf_changed":false},"product_brand":[],"product_cat":[15],"product_tag":[],"class_list":{"0":"post-498","1":"product","2":"type-product","3":"status-publish","4":"has-post-thumbnail","6":"product_cat-los-mas-vendidos","8":"first","9":"instock","10":"taxable","11":"shipping-taxable","12":"purchasable","13":"product-type-simple"},"acf":{"im_status":"enabled","days_for_delivery":"2"},"_links":{"self":[{"href":"https:\/\/brand-sphere.com\/en\/wp-json\/wp\/v2\/product\/498","targetHints":{"allow":["GET"]}}],"collection":[{"href":"https:\/\/brand-sphere.com\/en\/wp-json\/wp\/v2\/product"}],"about":[{"href":"https:\/\/brand-sphere.com\/en\/wp-json\/wp\/v2\/types\/product"}],"replies":[{"embeddable":true,"href":"https:\/\/brand-sphere.com\/en\/wp-json\/wp\/v2\/comments?post=498"}],"wp:featuredmedia":[{"embeddable":true,"href":"https:\/\/brand-sphere.com\/en\/wp-json\/wp\/v2\/media\/499"}],"wp:attachment":[{"href":"https:\/\/brand-sphere.com\/en\/wp-json\/wp\/v2\/media?parent=498"}],"wp:term":[{"taxonomy":"product_brand","embeddable":true,"href":"https:\/\/brand-sphere.com\/en\/wp-json\/wp\/v2\/product_brand?post=498"},{"taxonomy":"product_cat","embeddable":true,"href":"https:\/\/brand-sphere.com\/en\/wp-json\/wp\/v2\/product_cat?post=498"},{"taxonomy":"product_tag","embeddable":true,"href":"https:\/\/brand-sphere.com\/en\/wp-json\/wp\/v2\/product_tag?post=498"}],"curies":[{"name":"wp","href":"https:\/\/api.w.org\/{rel}","templated":true}]}}