{"id":496,"date":"2023-08-13T18:14:56","date_gmt":"2023-08-13T18:14:56","guid":{"rendered":"https:\/\/brand-sphere.com\/?post_type=product&#038;p=496"},"modified":"2024-11-05T15:30:44","modified_gmt":"2024-11-05T15:30:44","slug":"mesh-wi-fi-system-whole-home-coverage","status":"publish","type":"product","link":"https:\/\/brand-sphere.com\/en\/shop\/mesh-wi-fi-system-whole-home-coverage\/","title":{"rendered":"Mesh Wi-Fi System \u2013 Whole Home Coverage"},"content":{"rendered":"<ul>\n<li>Elimina los puntos muertos de Wi-Fi con una red de malla robusta.<\/li>\n<li>Configuraci\u00f3n y gesti\u00f3n sencillas a trav\u00e9s de una aplicaci\u00f3n f\u00e1cil de usar.<\/li>\n<li>Sistema ampliable para escalabilidad futura.<\/li>\n<\/ul>","protected":false},"excerpt":{"rendered":"<p>Say goodbye to Wi-Fi dead zones with our Wi-Fi Mesh system. Experience seamless internet coverage throughout your home.<\/p>","protected":false},"featured_media":497,"comment_status":"open","ping_status":"closed","template":"","meta":{"_acf_changed":false},"product_brand":[],"product_cat":[15],"product_tag":[],"class_list":{"0":"post-496","1":"product","2":"type-product","3":"status-publish","4":"has-post-thumbnail","6":"product_cat-los-mas-vendidos","8":"first","9":"instock","10":"taxable","11":"shipping-taxable","12":"purchasable","13":"product-type-simple"},"acf":{"im_status":"enabled","days_for_delivery":"3"},"_links":{"self":[{"href":"https:\/\/brand-sphere.com\/en\/wp-json\/wp\/v2\/product\/496","targetHints":{"allow":["GET"]}}],"collection":[{"href":"https:\/\/brand-sphere.com\/en\/wp-json\/wp\/v2\/product"}],"about":[{"href":"https:\/\/brand-sphere.com\/en\/wp-json\/wp\/v2\/types\/product"}],"replies":[{"embeddable":true,"href":"https:\/\/brand-sphere.com\/en\/wp-json\/wp\/v2\/comments?post=496"}],"wp:featuredmedia":[{"embeddable":true,"href":"https:\/\/brand-sphere.com\/en\/wp-json\/wp\/v2\/media\/497"}],"wp:attachment":[{"href":"https:\/\/brand-sphere.com\/en\/wp-json\/wp\/v2\/media?parent=496"}],"wp:term":[{"taxonomy":"product_brand","embeddable":true,"href":"https:\/\/brand-sphere.com\/en\/wp-json\/wp\/v2\/product_brand?post=496"},{"taxonomy":"product_cat","embeddable":true,"href":"https:\/\/brand-sphere.com\/en\/wp-json\/wp\/v2\/product_cat?post=496"},{"taxonomy":"product_tag","embeddable":true,"href":"https:\/\/brand-sphere.com\/en\/wp-json\/wp\/v2\/product_tag?post=496"}],"curies":[{"name":"wp","href":"https:\/\/api.w.org\/{rel}","templated":true}]}}