{"id":492,"date":"2023-08-13T18:12:17","date_gmt":"2023-08-13T18:12:17","guid":{"rendered":"https:\/\/brand-sphere.com\/?post_type=product&#038;p=492"},"modified":"2024-11-05T15:30:44","modified_gmt":"2024-11-05T15:30:44","slug":"virtual-private-server-vps-2-cores-8-gb-of-ram","status":"publish","type":"product","link":"https:\/\/brand-sphere.com\/en\/shop\/virtual-private-server-vps-2-cores-8-gb-of-ram\/","title":{"rendered":"Virtual Private Server (VPS) \u2013 2 cores, 8 GB of RAM"},"content":{"rendered":"<ul>\n<li>Servidor virtual dedicado para mejorar el rendimiento y la seguridad.<\/li>\n<li>Configuraciones de servidor personalizables para sus requisitos espec\u00edficos.<\/li>\n<li>F\u00e1cil administraci\u00f3n con acceso completo a la ra\u00edz y opciones de panel de control.<\/li>\n<\/ul>","protected":false},"excerpt":{"rendered":"<p>Per month<\/p>\n<p>Boost your web applications with our VPS hosting service. Take advantage of dedicated resources, full root access, and seamless scalability.<\/p>","protected":false},"featured_media":493,"comment_status":"open","ping_status":"closed","template":"","meta":{"_acf_changed":false},"product_brand":[],"product_cat":[15],"product_tag":[],"class_list":{"0":"post-492","1":"product","2":"type-product","3":"status-publish","4":"has-post-thumbnail","6":"product_cat-los-mas-vendidos","8":"first","9":"instock","10":"taxable","11":"shipping-taxable","12":"purchasable","13":"product-type-simple"},"acf":{"im_status":"enabled","days_for_delivery":"2"},"_links":{"self":[{"href":"https:\/\/brand-sphere.com\/en\/wp-json\/wp\/v2\/product\/492","targetHints":{"allow":["GET"]}}],"collection":[{"href":"https:\/\/brand-sphere.com\/en\/wp-json\/wp\/v2\/product"}],"about":[{"href":"https:\/\/brand-sphere.com\/en\/wp-json\/wp\/v2\/types\/product"}],"replies":[{"embeddable":true,"href":"https:\/\/brand-sphere.com\/en\/wp-json\/wp\/v2\/comments?post=492"}],"wp:featuredmedia":[{"embeddable":true,"href":"https:\/\/brand-sphere.com\/en\/wp-json\/wp\/v2\/media\/493"}],"wp:attachment":[{"href":"https:\/\/brand-sphere.com\/en\/wp-json\/wp\/v2\/media?parent=492"}],"wp:term":[{"taxonomy":"product_brand","embeddable":true,"href":"https:\/\/brand-sphere.com\/en\/wp-json\/wp\/v2\/product_brand?post=492"},{"taxonomy":"product_cat","embeddable":true,"href":"https:\/\/brand-sphere.com\/en\/wp-json\/wp\/v2\/product_cat?post=492"},{"taxonomy":"product_tag","embeddable":true,"href":"https:\/\/brand-sphere.com\/en\/wp-json\/wp\/v2\/product_tag?post=492"}],"curies":[{"name":"wp","href":"https:\/\/api.w.org\/{rel}","templated":true}]}}