{"id":484,"date":"2023-08-13T18:04:31","date_gmt":"2023-08-13T18:04:31","guid":{"rendered":"https:\/\/brand-sphere.com\/?post_type=product&#038;p=484"},"modified":"2024-11-05T15:30:43","modified_gmt":"2024-11-05T15:30:43","slug":"external-hard-drive-4tb","status":"publish","type":"product","link":"https:\/\/brand-sphere.com\/en\/shop\/external-hard-drive-4tb\/","title":{"rendered":"External hard drive \u2013 4TB"},"content":{"rendered":"<ul>\n<li>Soluci\u00f3n de almacenamiento de alta capacidad para copias de seguridad de datos y archivos multimedia.<\/li>\n<li>Dise\u00f1o compacto y port\u00e1til para una f\u00e1cil movilidad.<\/li>\n<li>Velocidades de transferencia de datos r\u00e1pidas para un acceso r\u00e1pido a los archivos.<\/li>\n<\/ul>","protected":false},"excerpt":{"rendered":"<p>Expand your storage capabilities with our 4TB external hard drive. Securely store and access your data, media files and backups with ease.<\/p>","protected":false},"featured_media":651,"comment_status":"open","ping_status":"closed","template":"","meta":{"_acf_changed":false},"product_brand":[],"product_cat":[15],"product_tag":[],"class_list":{"0":"post-484","1":"product","2":"type-product","3":"status-publish","4":"has-post-thumbnail","6":"product_cat-los-mas-vendidos","8":"first","9":"instock","10":"taxable","11":"shipping-taxable","12":"purchasable","13":"product-type-simple"},"acf":{"im_status":"enabled","days_for_delivery":"3"},"_links":{"self":[{"href":"https:\/\/brand-sphere.com\/en\/wp-json\/wp\/v2\/product\/484","targetHints":{"allow":["GET"]}}],"collection":[{"href":"https:\/\/brand-sphere.com\/en\/wp-json\/wp\/v2\/product"}],"about":[{"href":"https:\/\/brand-sphere.com\/en\/wp-json\/wp\/v2\/types\/product"}],"replies":[{"embeddable":true,"href":"https:\/\/brand-sphere.com\/en\/wp-json\/wp\/v2\/comments?post=484"}],"wp:featuredmedia":[{"embeddable":true,"href":"https:\/\/brand-sphere.com\/en\/wp-json\/wp\/v2\/media\/651"}],"wp:attachment":[{"href":"https:\/\/brand-sphere.com\/en\/wp-json\/wp\/v2\/media?parent=484"}],"wp:term":[{"taxonomy":"product_brand","embeddable":true,"href":"https:\/\/brand-sphere.com\/en\/wp-json\/wp\/v2\/product_brand?post=484"},{"taxonomy":"product_cat","embeddable":true,"href":"https:\/\/brand-sphere.com\/en\/wp-json\/wp\/v2\/product_cat?post=484"},{"taxonomy":"product_tag","embeddable":true,"href":"https:\/\/brand-sphere.com\/en\/wp-json\/wp\/v2\/product_tag?post=484"}],"curies":[{"name":"wp","href":"https:\/\/api.w.org\/{rel}","templated":true}]}}